{"id":1443,"date":"2018-08-30T15:16:03","date_gmt":"2018-08-30T18:16:03","guid":{"rendered":"https:\/\/ies9-juj.infd.edu.ar\/sitio\/profesorados\/"},"modified":"2020-04-03T09:06:41","modified_gmt":"2020-04-03T12:06:41","slug":"profesorados","status":"publish","type":"page","link":"https:\/\/ies9-juj.infd.edu.ar\/sitio\/profesorados\/","title":{"rendered":"PROFESORADOS"},"content":{"rendered":"<h2 style=\"text-align: center;\"><a href=\"https:\/\/ies9-juj.infd.edu.ar\/sitio\/wp-admin\/index.cgi?wid_seccion=18\"><img decoding=\"async\" loading=\"lazy\" class=\"wp-image-1513 aligncenter\" src=\"https:\/\/ies9-juj.infd.edu.ar\/sitio\/wp-content\/uploads\/2018\/12\/lengua2019-1000x228.jpg\" alt=\"\" width=\"676\" height=\"154\" srcset=\"https:\/\/ies9-juj.infd.edu.ar\/sitio\/wp-content\/uploads\/2018\/12\/lengua2019-1000x228.jpg 1000w, https:\/\/ies9-juj.infd.edu.ar\/sitio\/wp-content\/uploads\/2018\/12\/lengua2019-768x175.jpg 768w, https:\/\/ies9-juj.infd.edu.ar\/sitio\/wp-content\/uploads\/2018\/12\/lengua2019-1900x433.jpg 1900w\" sizes=\"(max-width: 676px) 100vw, 676px\" \/><\/a><\/h2>\n<h4 style=\"text-align: center;\"><span style=\"color: #008000;\">Turno MA\u00d1ANA \/\/ Sede BERNACCHI \/\/ Duraci\u00f3n 4 A\u00d1OS<\/span><\/h4>\n<hr \/>\n<p><a href=\"https:\/\/ies9-juj.infd.edu.ar\/sitio\/wp-admin\/index.cgi?wid_seccion=22\"><img decoding=\"async\" loading=\"lazy\" class=\"wp-image-1539 aligncenter\" src=\"https:\/\/ies9-juj.infd.edu.ar\/sitio\/wp-content\/uploads\/2018\/12\/inicial2019-1000x228.jpg\" alt=\"\" width=\"676\" height=\"154\" srcset=\"https:\/\/ies9-juj.infd.edu.ar\/sitio\/wp-content\/uploads\/2018\/12\/inicial2019-1000x228.jpg 1000w, https:\/\/ies9-juj.infd.edu.ar\/sitio\/wp-content\/uploads\/2018\/12\/inicial2019-768x175.jpg 768w, https:\/\/ies9-juj.infd.edu.ar\/sitio\/wp-content\/uploads\/2018\/12\/inicial2019-1900x433.jpg 1900w\" sizes=\"(max-width: 676px) 100vw, 676px\" \/><\/a><\/p>\n<h4 style=\"text-align: center;\"><span style=\"color: #800000;\">Turno MA\u00d1ANA Y NOCHE \/\/ Sede BERNACCHI \/\/ Duraci\u00f3n 4 A\u00d1OS<\/span><\/h4>\n<hr \/>\n<p><a href=\"https:\/\/ies9-juj.infd.edu.ar\/sitio\/wp-admin\/index.cgi?wid_item=50&amp;wid_seccion=29\"><img decoding=\"async\" loading=\"lazy\" class=\"wp-image-1538 aligncenter\" src=\"https:\/\/ies9-juj.infd.edu.ar\/sitio\/wp-content\/uploads\/2018\/12\/primaria2019-1000x228.jpg\" alt=\"\" width=\"672\" height=\"153\" srcset=\"https:\/\/ies9-juj.infd.edu.ar\/sitio\/wp-content\/uploads\/2018\/12\/primaria2019-1000x228.jpg 1000w, https:\/\/ies9-juj.infd.edu.ar\/sitio\/wp-content\/uploads\/2018\/12\/primaria2019-768x175.jpg 768w, https:\/\/ies9-juj.infd.edu.ar\/sitio\/wp-content\/uploads\/2018\/12\/primaria2019-1900x433.jpg 1900w\" sizes=\"(max-width: 672px) 100vw, 672px\" \/><\/a><\/p>\n<h4 style=\"text-align: center;\"><span style=\"color: #0000ff;\">Turno TARDE Y NOCHE \/\/ Sede BERNACCHI \/\/ Duraci\u00f3n 4 A\u00d1OS<\/span><\/h4>\n<hr \/>\n<p><a href=\"https:\/\/ies9-juj.infd.edu.ar\/sitio\/wp-admin\/index.cgi?wid_seccion=4\"><img decoding=\"async\" loading=\"lazy\" class=\"wp-image-1516 aligncenter\" src=\"https:\/\/ies9-juj.infd.edu.ar\/sitio\/wp-content\/uploads\/2018\/12\/matematica2019-1000x228.jpg\" alt=\"\" width=\"672\" height=\"153\" srcset=\"https:\/\/ies9-juj.infd.edu.ar\/sitio\/wp-content\/uploads\/2018\/12\/matematica2019-1000x228.jpg 1000w, https:\/\/ies9-juj.infd.edu.ar\/sitio\/wp-content\/uploads\/2018\/12\/matematica2019-768x175.jpg 768w, https:\/\/ies9-juj.infd.edu.ar\/sitio\/wp-content\/uploads\/2018\/12\/matematica2019-1900x434.jpg 1900w\" sizes=\"(max-width: 672px) 100vw, 672px\" \/><\/a><\/p>\n<h4 style=\"text-align: center;\"><span style=\"color: #ff6600;\">Turno NOCHE \/\/ Sede BERNACCHI \/\/ Duraci\u00f3n 4 A\u00d1OS<\/span><\/h4>\n<hr \/>\n<p><a href=\"https:\/\/ies9-juj.infd.edu.ar\/sitio\/wp-admin\/index.cgi?wid_seccion=3\"><img decoding=\"async\" loading=\"lazy\" class=\"wp-image-1520 aligncenter\" src=\"https:\/\/ies9-juj.infd.edu.ar\/sitio\/wp-content\/uploads\/2018\/12\/biologia2019-1000x229.jpg\" alt=\"\" width=\"673\" height=\"154\" srcset=\"https:\/\/ies9-juj.infd.edu.ar\/sitio\/wp-content\/uploads\/2018\/12\/biologia2019-1000x229.jpg 1000w, https:\/\/ies9-juj.infd.edu.ar\/sitio\/wp-content\/uploads\/2018\/12\/biologia2019-768x176.jpg 768w, https:\/\/ies9-juj.infd.edu.ar\/sitio\/wp-content\/uploads\/2018\/12\/biologia2019-1900x434.jpg 1900w\" sizes=\"(max-width: 673px) 100vw, 673px\" \/><\/a><\/p>\n<h4 style=\"text-align: center;\"><span style=\"color: #000080;\">Turno NOCHE \/\/ Sede BERNACCHI \/\/ Duraci\u00f3n 4 A\u00d1OS<\/span><\/h4>\n<hr \/>\n<p><a href=\"http:\/\/Turno NOCHE \/\/ Sede BERNACCHI \/\/ Duraci\u00f3n 4 A\u00d1OS\"><img decoding=\"async\" loading=\"lazy\" class=\"wp-image-1511 aligncenter\" src=\"https:\/\/ies9-juj.infd.edu.ar\/sitio\/wp-content\/uploads\/2018\/12\/quimica2019-1000x228.jpg\" alt=\"\" width=\"672\" height=\"153\" srcset=\"https:\/\/ies9-juj.infd.edu.ar\/sitio\/wp-content\/uploads\/2018\/12\/quimica2019-1000x228.jpg 1000w, https:\/\/ies9-juj.infd.edu.ar\/sitio\/wp-content\/uploads\/2018\/12\/quimica2019-768x175.jpg 768w, https:\/\/ies9-juj.infd.edu.ar\/sitio\/wp-content\/uploads\/2018\/12\/quimica2019-1900x432.jpg 1900w\" sizes=\"(max-width: 672px) 100vw, 672px\" \/><\/a><\/p>\n<h4 style=\"text-align: center;\"><span style=\"color: #008000;\">Turno NOCHE \/\/ Sede BERNACCHI \/\/ Duraci\u00f3n 4 A\u00d1OS<\/span><\/h4>\n<hr \/>\n<p><a href=\"https:\/\/ies9-juj.infd.edu.ar\/sitio\/wp-admin\/index.cgi?wid_seccion=20\"><img decoding=\"async\" loading=\"lazy\" class=\"wp-image-1535 aligncenter\" src=\"https:\/\/ies9-juj.infd.edu.ar\/sitio\/wp-content\/uploads\/2018\/12\/fisica2019-1-1000x228.jpg\" alt=\"\" width=\"676\" height=\"154\" srcset=\"https:\/\/ies9-juj.infd.edu.ar\/sitio\/wp-content\/uploads\/2018\/12\/fisica2019-1-1000x228.jpg 1000w, https:\/\/ies9-juj.infd.edu.ar\/sitio\/wp-content\/uploads\/2018\/12\/fisica2019-1-768x175.jpg 768w, https:\/\/ies9-juj.infd.edu.ar\/sitio\/wp-content\/uploads\/2018\/12\/fisica2019-1-1900x434.jpg 1900w\" sizes=\"(max-width: 676px) 100vw, 676px\" \/><\/a><\/p>\n<h4 style=\"text-align: center;\"><span style=\"color: #993300;\">Turno NOCHE \/\/ Sede BERNACCHI \/\/ Duraci\u00f3n 4 A\u00d1OS<\/span><\/h4>\n<hr \/>\n<p><a href=\"https:\/\/ies9-juj.infd.edu.ar\/sitio\/wp-admin\/index.cgi?wid_seccion=17\"><img decoding=\"async\" loading=\"lazy\" class=\"wp-image-1519 aligncenter\" src=\"https:\/\/ies9-juj.infd.edu.ar\/sitio\/wp-content\/uploads\/2018\/12\/ingles2019-1000x228.jpg\" alt=\"\" width=\"677\" height=\"154\" srcset=\"https:\/\/ies9-juj.infd.edu.ar\/sitio\/wp-content\/uploads\/2018\/12\/ingles2019-1000x228.jpg 1000w, https:\/\/ies9-juj.infd.edu.ar\/sitio\/wp-content\/uploads\/2018\/12\/ingles2019-768x175.jpg 768w, https:\/\/ies9-juj.infd.edu.ar\/sitio\/wp-content\/uploads\/2018\/12\/ingles2019-1900x432.jpg 1900w\" sizes=\"(max-width: 677px) 100vw, 677px\" \/><\/a><\/p>\n<h4 style=\"text-align: center;\"><span style=\"color: #808000;\">Turno TARDE \/\/ Sede BERNACCHI \/\/ Duraci\u00f3n 4 A\u00d1OS<\/span><\/h4>\n<hr \/>\n<p><a href=\"https:\/\/ies9-juj.infd.edu.ar\/sitio\/wp-admin\/index.cgi?wid_seccion=2\"><img decoding=\"async\" loading=\"lazy\" class=\"wp-image-1517 aligncenter\" src=\"https:\/\/ies9-juj.infd.edu.ar\/sitio\/wp-content\/uploads\/2018\/12\/geograf\u00eda2019-1000x228.jpg\" alt=\"\" width=\"677\" height=\"154\" srcset=\"https:\/\/ies9-juj.infd.edu.ar\/sitio\/wp-content\/uploads\/2018\/12\/geograf\u00eda2019-1000x228.jpg 1000w, https:\/\/ies9-juj.infd.edu.ar\/sitio\/wp-content\/uploads\/2018\/12\/geograf\u00eda2019-768x175.jpg 768w, https:\/\/ies9-juj.infd.edu.ar\/sitio\/wp-content\/uploads\/2018\/12\/geograf\u00eda2019-1900x434.jpg 1900w\" sizes=\"(max-width: 677px) 100vw, 677px\" \/><\/a><\/p>\n<h4 style=\"text-align: center;\"><span style=\"color: #ff0000;\">Turno TARDE \/\/ Sede BERNACCHI \/\/ Duraci\u00f3n 4 A\u00d1OS<\/span><\/h4>\n<p>&nbsp;<\/p>\n<p><a href=\"https:\/\/ies9-juj.infd.edu.ar\/sitio\/\"><img decoding=\"async\" loading=\"lazy\" style=\"display: block; margin-left: auto; margin-right: auto;\" src=\"https:\/\/encrypted-tbn0.gstatic.com\/images?q=tbn:ANd9GcQ4Q9-qAPO4mUYDyWtBsp2AQ_tK3tY0-kN1cKk1ULSjHL7QxJSCKg\" width=\"190\" height=\"163\" border=\"0\" \/><\/a><\/p>\n<p>&nbsp;<\/p>\n","protected":false},"excerpt":{"rendered":"<p>Turno MA\u00d1ANA \/\/ Sede BERNACCHI \/\/ Duraci\u00f3n 4 A\u00d1OS Turno MA\u00d1ANA Y NOCHE \/\/ Sede BERNACCHI \/\/ Duraci\u00f3n 4 A\u00d1OS Turno TARDE Y NOCHE \/\/ Sede BERNACCHI \/\/ Duraci\u00f3n 4 A\u00d1OS Turno NOCHE \/\/ Sede BERNACCHI \/\/ Duraci\u00f3n 4 A\u00d1OS Turno NOCHE \/\/ Sede BERNACCHI \/\/ Duraci\u00f3n 4 A\u00d1OS Turno NOCHE \/\/ Sede BERNACCHI \/\/ &#8230; <a title=\"PROFESORADOS\" class=\"read-more\" href=\"https:\/\/ies9-juj.infd.edu.ar\/sitio\/profesorados\/\" aria-label=\"More on PROFESORADOS\">[+]<\/a><\/p>\n","protected":false},"author":423,"featured_media":0,"parent":0,"menu_order":0,"comment_status":"closed","ping_status":"closed","template":"","meta":[],"acf":[],"_links":{"self":[{"href":"https:\/\/ies9-juj.infd.edu.ar\/sitio\/wp-json\/wp\/v2\/pages\/1443"}],"collection":[{"href":"https:\/\/ies9-juj.infd.edu.ar\/sitio\/wp-json\/wp\/v2\/pages"}],"about":[{"href":"https:\/\/ies9-juj.infd.edu.ar\/sitio\/wp-json\/wp\/v2\/types\/page"}],"author":[{"embeddable":true,"href":"https:\/\/ies9-juj.infd.edu.ar\/sitio\/wp-json\/wp\/v2\/users\/423"}],"replies":[{"embeddable":true,"href":"https:\/\/ies9-juj.infd.edu.ar\/sitio\/wp-json\/wp\/v2\/comments?post=1443"}],"version-history":[{"count":12,"href":"https:\/\/ies9-juj.infd.edu.ar\/sitio\/wp-json\/wp\/v2\/pages\/1443\/revisions"}],"predecessor-version":[{"id":1543,"href":"https:\/\/ies9-juj.infd.edu.ar\/sitio\/wp-json\/wp\/v2\/pages\/1443\/revisions\/1543"}],"wp:attachment":[{"href":"https:\/\/ies9-juj.infd.edu.ar\/sitio\/wp-json\/wp\/v2\/media?parent=1443"}],"curies":[{"name":"wp","href":"https:\/\/api.w.org\/{rel}","templated":true}]}}