{"id":1445,"date":"2018-08-30T15:16:03","date_gmt":"2018-08-30T18:16:03","guid":{"rendered":"https:\/\/ies9-juj.infd.edu.ar\/sitio\/tecnicaturas\/"},"modified":"2018-12-12T03:25:09","modified_gmt":"2018-12-12T06:25:09","slug":"tecnicaturas","status":"publish","type":"page","link":"https:\/\/ies9-juj.infd.edu.ar\/sitio\/tecnicaturas\/","title":{"rendered":"TECNICATURAS SUPERIORES"},"content":{"rendered":"<p>&nbsp;<\/p>\n<h4 style=\"text-align: center;\"><a href=\"https:\/\/ies9-juj.infd.edu.ar\/sitio\/wp-admin\/index.cgi?wid_seccion=25\"><img decoding=\"async\" loading=\"lazy\" class=\"wp-image-1506 aligncenter\" src=\"https:\/\/ies9-juj.infd.edu.ar\/sitio\/wp-content\/uploads\/2018\/12\/trabajo-social-1000x228.jpg\" alt=\"\" width=\"659\" height=\"150\" srcset=\"https:\/\/ies9-juj.infd.edu.ar\/sitio\/wp-content\/uploads\/2018\/12\/trabajo-social-1000x228.jpg 1000w, https:\/\/ies9-juj.infd.edu.ar\/sitio\/wp-content\/uploads\/2018\/12\/trabajo-social-768x175.jpg 768w, https:\/\/ies9-juj.infd.edu.ar\/sitio\/wp-content\/uploads\/2018\/12\/trabajo-social-1900x433.jpg 1900w\" sizes=\"(max-width: 659px) 100vw, 659px\" \/><\/a><\/h4>\n<h5 style=\"text-align: center;\"><span style=\"color: #3366ff;\"><strong>Turno MA\u00d1ANA Y NOCHE \/\/ Sede BERNACCHI \/\/ Duraci\u00f3n 4 A\u00d1OS<\/strong><\/span><\/h5>\n<hr \/>\n<p><a href=\"https:\/\/ies9-juj.infd.edu.ar\/sitio\/tecnicatura-superior-en-entrenamiento-deportivo\/\"><img decoding=\"async\" loading=\"lazy\" class=\"wp-image-1515 aligncenter\" src=\"https:\/\/ies9-juj.infd.edu.ar\/sitio\/wp-content\/uploads\/2018\/12\/entrenamiento2019-1000x227.jpg\" alt=\"\" width=\"662\" height=\"150\" srcset=\"https:\/\/ies9-juj.infd.edu.ar\/sitio\/wp-content\/uploads\/2018\/12\/entrenamiento2019-1000x227.jpg 1000w, https:\/\/ies9-juj.infd.edu.ar\/sitio\/wp-content\/uploads\/2018\/12\/entrenamiento2019-768x175.jpg 768w, https:\/\/ies9-juj.infd.edu.ar\/sitio\/wp-content\/uploads\/2018\/12\/entrenamiento2019-1900x432.jpg 1900w\" sizes=\"(max-width: 662px) 100vw, 662px\" \/><\/a><\/p>\n<h5 style=\"text-align: center;\"><span style=\"color: #ff6600;\"><strong>Turno TARDE\/\/ Sede BERNACCHI \/\/ Duraci\u00f3n 3 A\u00d1OS<\/strong><\/span><\/h5>\n<hr \/>\n<p><a href=\"https:\/\/ies9-juj.infd.edu.ar\/sitio\/tecnicatura-superior-en-comercializacion\/\"><img decoding=\"async\" loading=\"lazy\" class=\"wp-image-1509 aligncenter\" src=\"https:\/\/ies9-juj.infd.edu.ar\/sitio\/wp-content\/uploads\/2018\/12\/comercializacion2019-1000x228.jpg\" alt=\"\" width=\"663\" height=\"151\" srcset=\"https:\/\/ies9-juj.infd.edu.ar\/sitio\/wp-content\/uploads\/2018\/12\/comercializacion2019-1000x228.jpg 1000w, https:\/\/ies9-juj.infd.edu.ar\/sitio\/wp-content\/uploads\/2018\/12\/comercializacion2019-768x175.jpg 768w, https:\/\/ies9-juj.infd.edu.ar\/sitio\/wp-content\/uploads\/2018\/12\/comercializacion2019-1900x433.jpg 1900w\" sizes=\"(max-width: 663px) 100vw, 663px\" \/><\/a><\/p>\n<h5 style=\"text-align: center;\"><span style=\"color: #808000;\"><strong>Turno MA\u00d1ANA Y NOCHE \/\/ Sede BERNACCHI \/\/ Duraci\u00f3n 3 A\u00d1OS<br \/>\n<\/strong><\/span><\/h5>\n<hr \/>\n<p><a href=\"https:\/\/ies9-juj.infd.edu.ar\/sitio\/wp-admin\/index.cgi?wid_seccion=39\"><img decoding=\"async\" loading=\"lazy\" class=\"wp-image-1514 aligncenter\" src=\"https:\/\/ies9-juj.infd.edu.ar\/sitio\/wp-content\/uploads\/2018\/12\/higiene2019-1000x227.jpg\" alt=\"\" width=\"653\" height=\"148\" srcset=\"https:\/\/ies9-juj.infd.edu.ar\/sitio\/wp-content\/uploads\/2018\/12\/higiene2019-1000x227.jpg 1000w, https:\/\/ies9-juj.infd.edu.ar\/sitio\/wp-content\/uploads\/2018\/12\/higiene2019-768x175.jpg 768w, https:\/\/ies9-juj.infd.edu.ar\/sitio\/wp-content\/uploads\/2018\/12\/higiene2019-1900x432.jpg 1900w\" sizes=\"(max-width: 653px) 100vw, 653px\" \/><\/a><\/p>\n<h5 style=\"text-align: center;\"><span style=\"color: #993300;\"><strong>Turno TARDE Y NOCHE \/\/ Sede BERNACCHI \/\/ Duraci\u00f3n 3 A\u00d1OS<\/strong><\/span><\/h5>\n<hr \/>\n<p>&nbsp;<\/p>\n<p><a href=\"https:\/\/ies9-juj.infd.edu.ar\/sitio\/tecnicatura-superior-en-quimica-agroindustrial-2\/\"><img decoding=\"async\" loading=\"lazy\" class=\"wp-image-1508 aligncenter\" src=\"https:\/\/ies9-juj.infd.edu.ar\/sitio\/wp-content\/uploads\/2018\/12\/quimicaagroind2018-1000x228.jpg\" alt=\"\" width=\"655\" height=\"149\" srcset=\"https:\/\/ies9-juj.infd.edu.ar\/sitio\/wp-content\/uploads\/2018\/12\/quimicaagroind2018-1000x228.jpg 1000w, https:\/\/ies9-juj.infd.edu.ar\/sitio\/wp-content\/uploads\/2018\/12\/quimicaagroind2018-768x175.jpg 768w, https:\/\/ies9-juj.infd.edu.ar\/sitio\/wp-content\/uploads\/2018\/12\/quimicaagroind2018-1900x433.jpg 1900w\" sizes=\"(max-width: 655px) 100vw, 655px\" \/><\/a><\/p>\n<h5 style=\"text-align: center;\"><span style=\"color: #808000;\"><strong>Turno TARDE \/\/ Sede LA ESPERANZA \/\/ Duraci\u00f3n 3 A\u00d1OS<\/strong><\/span><\/h5>\n<hr \/>\n<h5 style=\"text-align: center;\"><a href=\"https:\/\/ies9-juj.infd.edu.ar\/sitio\/wp-admin\/index.cgi?wid_seccion=40\"><img decoding=\"async\" loading=\"lazy\" class=\"wp-image-1533 aligncenter\" src=\"https:\/\/ies9-juj.infd.edu.ar\/sitio\/wp-content\/uploads\/2018\/12\/informatica2019-1-1000x228.jpg\" alt=\"\" width=\"655\" height=\"149\" srcset=\"https:\/\/ies9-juj.infd.edu.ar\/sitio\/wp-content\/uploads\/2018\/12\/informatica2019-1-1000x228.jpg 1000w, https:\/\/ies9-juj.infd.edu.ar\/sitio\/wp-content\/uploads\/2018\/12\/informatica2019-1-768x175.jpg 768w, https:\/\/ies9-juj.infd.edu.ar\/sitio\/wp-content\/uploads\/2018\/12\/informatica2019-1-1900x433.jpg 1900w\" sizes=\"(max-width: 655px) 100vw, 655px\" \/><\/a><\/h5>\n<h5 style=\"text-align: center;\"><span style=\"color: #003300;\"><strong>Turno NOCHE \/\/ Sede BERNACCHI\/\/ Duraci\u00f3n 3 A\u00d1OS<\/strong><\/span><\/h5>\n<hr \/>\n<p><a href=\"https:\/\/ies9-juj.infd.edu.ar\/sitio\/tecnicatura-superior-en-gestion-de-los-recursos-hidricos-con-orientacion-en-riego\/\"><img decoding=\"async\" loading=\"lazy\" class=\"wp-image-1512 aligncenter\" src=\"https:\/\/ies9-juj.infd.edu.ar\/sitio\/wp-content\/uploads\/2018\/12\/recursoshidricos2019-1000x228.jpg\" alt=\"\" width=\"655\" height=\"149\" srcset=\"https:\/\/ies9-juj.infd.edu.ar\/sitio\/wp-content\/uploads\/2018\/12\/recursoshidricos2019-1000x228.jpg 1000w, https:\/\/ies9-juj.infd.edu.ar\/sitio\/wp-content\/uploads\/2018\/12\/recursoshidricos2019-768x175.jpg 768w, https:\/\/ies9-juj.infd.edu.ar\/sitio\/wp-content\/uploads\/2018\/12\/recursoshidricos2019-1900x433.jpg 1900w\" sizes=\"(max-width: 655px) 100vw, 655px\" \/><\/a><\/p>\n<h5 style=\"text-align: center;\"><span style=\"color: #993300;\"><strong>Turno TARDE \/\/ Sede PALMA SOLA \/\/ Duraci\u00f3n 3 A\u00d1OS<\/strong><\/span><\/h5>\n<hr \/>\n<p><a href=\"https:\/\/ies9-juj.infd.edu.ar\/sitio\/tecnicatura-superior-en-comunicacion-social\/\"><img decoding=\"async\" loading=\"lazy\" class=\"wp-image-1510 aligncenter\" src=\"https:\/\/ies9-juj.infd.edu.ar\/sitio\/wp-content\/uploads\/2018\/12\/comunicacionsocial2019-1000x228.jpg\" alt=\"\" width=\"641\" height=\"146\" srcset=\"https:\/\/ies9-juj.infd.edu.ar\/sitio\/wp-content\/uploads\/2018\/12\/comunicacionsocial2019-1000x228.jpg 1000w, https:\/\/ies9-juj.infd.edu.ar\/sitio\/wp-content\/uploads\/2018\/12\/comunicacionsocial2019-768x175.jpg 768w, https:\/\/ies9-juj.infd.edu.ar\/sitio\/wp-content\/uploads\/2018\/12\/comunicacionsocial2019-1900x432.jpg 1900w\" sizes=\"(max-width: 641px) 100vw, 641px\" \/><\/a><\/p>\n<h5 style=\"text-align: center;\"><span style=\"color: #800080;\"><strong>Turno NOCHE \/\/ Sede LA MENDIETA \/\/ Duraci\u00f3n 3 A\u00d1OS<\/strong><\/span><\/h5>\n<p>&nbsp;<\/p>\n","protected":false},"excerpt":{"rendered":"<p>&nbsp; Turno MA\u00d1ANA Y NOCHE \/\/ Sede BERNACCHI \/\/ Duraci\u00f3n 4 A\u00d1OS Turno TARDE\/\/ Sede BERNACCHI \/\/ Duraci\u00f3n 3 A\u00d1OS Turno MA\u00d1ANA Y NOCHE \/\/ Sede BERNACCHI \/\/ Duraci\u00f3n 3 A\u00d1OS Turno TARDE Y NOCHE \/\/ Sede BERNACCHI \/\/ Duraci\u00f3n 3 A\u00d1OS &nbsp; Turno TARDE \/\/ Sede LA ESPERANZA \/\/ Duraci\u00f3n 3 A\u00d1OS Turno NOCHE &#8230; <a title=\"TECNICATURAS SUPERIORES\" class=\"read-more\" href=\"https:\/\/ies9-juj.infd.edu.ar\/sitio\/tecnicaturas\/\" aria-label=\"More on TECNICATURAS SUPERIORES\">[+]<\/a><\/p>\n","protected":false},"author":423,"featured_media":0,"parent":0,"menu_order":0,"comment_status":"closed","ping_status":"closed","template":"","meta":[],"acf":[],"_links":{"self":[{"href":"https:\/\/ies9-juj.infd.edu.ar\/sitio\/wp-json\/wp\/v2\/pages\/1445"}],"collection":[{"href":"https:\/\/ies9-juj.infd.edu.ar\/sitio\/wp-json\/wp\/v2\/pages"}],"about":[{"href":"https:\/\/ies9-juj.infd.edu.ar\/sitio\/wp-json\/wp\/v2\/types\/page"}],"author":[{"embeddable":true,"href":"https:\/\/ies9-juj.infd.edu.ar\/sitio\/wp-json\/wp\/v2\/users\/423"}],"replies":[{"embeddable":true,"href":"https:\/\/ies9-juj.infd.edu.ar\/sitio\/wp-json\/wp\/v2\/comments?post=1445"}],"version-history":[{"count":13,"href":"https:\/\/ies9-juj.infd.edu.ar\/sitio\/wp-json\/wp\/v2\/pages\/1445\/revisions"}],"predecessor-version":[{"id":1576,"href":"https:\/\/ies9-juj.infd.edu.ar\/sitio\/wp-json\/wp\/v2\/pages\/1445\/revisions\/1576"}],"wp:attachment":[{"href":"https:\/\/ies9-juj.infd.edu.ar\/sitio\/wp-json\/wp\/v2\/media?parent=1445"}],"curies":[{"name":"wp","href":"https:\/\/api.w.org\/{rel}","templated":true}]}}